{"id":1240,"date":"2017-07-28T16:20:34","date_gmt":"2017-07-28T19:20:34","guid":{"rendered":"http:\/\/gianfratti.com\/?page_id=1240"},"modified":"2022-05-30T16:24:01","modified_gmt":"2022-05-30T19:24:01","slug":"favoritos","status":"publish","type":"page","link":"https:\/\/gianfratti.com\/index.php\/favoritos\/","title":{"rendered":"Favoritos"},"content":{"rendered":"<table>\n<tbody>\n<tr>\n<td>Bem-vindo ao Channel 9! Somos um humilde grupo de desenvolvedores e entusiastas da tecnologia da Microsoft que opera este site dedicado a incluir voc\u00ea em nossas conversas.<\/td>\n<td><a href=\"https:\/\/channel9.msdn.com\/\" target=\"_blank\" rel=\"noopener noreferrer\">https:\/\/channel9.msdn.com\/<\/a><\/td>\n<\/tr>\n<tr>\n<td>A Microsoft Virtual Academy oferece treinamentos online gratuitos que ajudam desenvolvedores, profissionais de TI, profissionais de dados e estudantes a aprender sobre a mais moderna tecnologia, desenvolver suas habilidades e progredir em suas carreiras.<\/td>\n<td><a href=\"https:\/\/mva.microsoft.com\/\" target=\"_blank\" rel=\"noopener noreferrer\">https:\/\/mva.microsoft.com\/<\/a><\/td>\n<\/tr>\n<tr>\n<td>O software est\u00e1 mudando o mundo e achamos que nossa miss\u00e3o \u00e9 facilitar a dissemina\u00e7\u00e3o de conhecimento e inova\u00e7\u00e3o no desenvolvimento de software profissional. Fazemos isso fornecendo a nossa audi\u00eancia confer\u00eancias imparciais, orientadas por profissionais, conte\u00fado e uma comunidade on-line. Para ver como medimos o progresso no cumprimento de nosso prop\u00f3sito, visite nosso \u00edndice de prop\u00f3sito social!<\/td>\n<td><a href=\"https:\/\/www.infoq.com\/\" target=\"_blank\" rel=\"noopener noreferrer\">https:\/\/www.infoq.com\/<\/a><\/td>\n<\/tr>\n<tr>\n<td>Livros em PDF e EPUB gr\u00e1tis da Microsoft<\/td>\n<td><a href=\"https:\/\/mva.microsoft.com\/ebooks\" target=\"_blank\" rel=\"noopener noreferrer\">https:\/\/mva.microsoft.com\/ebooks<\/a><\/td>\n<\/tr>\n<tr>\n<td>Eduardo Pires \u00e9 Arquiteto de Sistemas, Desenvolvedor, Pai do Enzo, Palestrante, Instrutor, Blogueiro, Dono de casa e Entusiasta de Home Office.<\/td>\n<td><a href=\"http:\/\/www.eduardopires.net.br\" target=\"_blank\" rel=\"noopener noreferrer\">http:\/\/www.eduardopires.net.br<\/a><\/td>\n<\/tr>\n<tr>\n<td>Site com conte\u00fado .NET<\/td>\n<td><a href=\"http:\/\/netcoders.com.br\/\" target=\"_blank\" rel=\"noopener noreferrer\">http:\/\/netcoders.com.br\/<\/a><\/td>\n<\/tr>\n<tr>\n<td>Blogs da Comunidade Microsoft<\/td>\n<td><a href=\"https:\/\/blogs.msdn.microsoft.com\/\" target=\"_blank\" rel=\"noopener noreferrer\">https:\/\/blogs.msdn.microsoft.com\/<\/a><\/td>\n<\/tr>\n<tr>\n<td>Site com conte\u00fado .NET<\/td>\n<td><a href=\"https:\/\/codigosimples.net\" target=\"_blank\" rel=\"noopener noreferrer\">https:\/\/codigosimples.net<\/a><\/td>\n<\/tr>\n<tr>\n<td>Site com conte\u00fado .NET<\/td>\n<td><a href=\"https:\/\/qualidadeeti.wordpress.com\" target=\"_blank\" rel=\"noopener noreferrer\">https:\/\/qualidadeeti.wordpress.com<\/a><\/td>\n<\/tr>\n<tr>\n<td>Canal do Youtube do Rodrigo Branas<\/td>\n<td><a href=\"https:\/\/www.youtube.com\/user\/rodrigobranas\" target=\"_blank\" rel=\"noopener noreferrer\">https:\/\/www.youtube.com\/user\/rodrigobranas<\/a><\/td>\n<\/tr>\n<\/tbody>\n<\/table>\n<p>&nbsp;<\/p>\n<div id=\"simple-translate\">\n<div>\n<div class=\"simple-translate-button \" style=\"background-image: url('moz-extension:\/\/682faaf8-707c-4ae9-b672-158475477516\/icons\/512.png'); height: 22px; width: 22px; top: 10px; left: 10px;\"><\/div>\n<div class=\"simple-translate-panel \" style=\"width: 300px; height: 200px; top: 0px; left: 0px; font-size: 13px; background-color: #ffffff;\">\n<div class=\"simple-translate-result-wrapper\" style=\"overflow: hidden;\">\n<p class=\"simple-translate-candidate\" style=\"color: #737373;\">\n<\/div>\n<\/div>\n<\/div>\n<\/div>\n","protected":false},"excerpt":{"rendered":"<p>Bem-vindo ao Channel 9! Somos um humilde grupo de desenvolvedores e entusiastas da tecnologia da Microsoft que opera este site dedicado a incluir voc\u00ea em nossas conversas. https:\/\/channel9.msdn.com\/ A Microsoft Virtual Academy oferece treinamentos online gratuitos que ajudam desenvolvedores, profissionais de TI, profissionais de dados e estudantes a aprender sobre a mais moderna tecnologia, desenvolver <span class=\"ellipsis\">&hellip;<\/span> <span class=\"more-link-wrap\"><a href=\"https:\/\/gianfratti.com\/index.php\/favoritos\/\" class=\"more-link\"><span>Read More &rarr;<\/span><\/a><\/span><\/p>\n","protected":false},"author":1,"featured_media":0,"parent":0,"menu_order":0,"comment_status":"closed","ping_status":"open","template":"","meta":{"_exactmetrics_skip_tracking":false,"_exactmetrics_sitenote_active":false,"_exactmetrics_sitenote_note":"","_exactmetrics_sitenote_category":0,"footnotes":""},"class_list":["post-1240","page","type-page","status-publish","hentry"],"jetpack_sharing_enabled":true,"_links":{"self":[{"href":"https:\/\/gianfratti.com\/index.php\/wp-json\/wp\/v2\/pages\/1240","targetHints":{"allow":["GET"]}}],"collection":[{"href":"https:\/\/gianfratti.com\/index.php\/wp-json\/wp\/v2\/pages"}],"about":[{"href":"https:\/\/gianfratti.com\/index.php\/wp-json\/wp\/v2\/types\/page"}],"author":[{"embeddable":true,"href":"https:\/\/gianfratti.com\/index.php\/wp-json\/wp\/v2\/users\/1"}],"replies":[{"embeddable":true,"href":"https:\/\/gianfratti.com\/index.php\/wp-json\/wp\/v2\/comments?post=1240"}],"version-history":[{"count":19,"href":"https:\/\/gianfratti.com\/index.php\/wp-json\/wp\/v2\/pages\/1240\/revisions"}],"predecessor-version":[{"id":14797,"href":"https:\/\/gianfratti.com\/index.php\/wp-json\/wp\/v2\/pages\/1240\/revisions\/14797"}],"wp:attachment":[{"href":"https:\/\/gianfratti.com\/index.php\/wp-json\/wp\/v2\/media?parent=1240"}],"curies":[{"name":"wp","href":"https:\/\/api.w.org\/{rel}","templated":true}]}}